{"id":41,"date":"2018-02-12T20:27:34","date_gmt":"2018-02-12T20:27:34","guid":{"rendered":"https:\/\/bezgotowki.pl\/es?page_id=41"},"modified":"2026-04-01T07:08:14","modified_gmt":"2026-04-01T06:08:14","slug":"oferta","status":"publish","type":"page","link":"https:\/\/bezgotowki.pl\/es\/oferta\/","title":{"rendered":"Oferta"},"content":{"rendered":"","protected":false},"excerpt":{"rendered":"","protected":false},"author":1,"featured_media":0,"parent":0,"menu_order":0,"comment_status":"closed","ping_status":"closed","template":"pages\/offer.php","meta":{"_acf_changed":false,"footnotes":""},"acf":[],"yoast_head":"<!-- This site is optimized with the Yoast SEO plugin v22.7 - https:\/\/yoast.com\/wordpress\/plugins\/seo\/ -->\n<title>Terminal p\u0142atniczy D220 bez abonamentu<\/title>\n<meta name=\"description\" content=\"Poznaj szczeg\u00f3\u0142y oferty eService na darmowy terminal p\u0142atniczy w ramach programu Polska Bezgot\u00f3wkowa. Odbierz do 3 terminali p\u0142atniczych za 0 z\u0142!\" \/>\n<meta name=\"robots\" content=\"index, follow, max-snippet:-1, max-image-preview:large, max-video-preview:-1\" \/>\n<link rel=\"canonical\" href=\"https:\/\/bezgotowki.pl\/es\/oferta\/\" \/>\n<meta property=\"og:locale\" content=\"pl_PL\" \/>\n<meta property=\"og:type\" content=\"article\" \/>\n<meta property=\"og:title\" content=\"Terminal p\u0142atniczy D220 bez abonamentu\" \/>\n<meta property=\"og:description\" content=\"Poznaj szczeg\u00f3\u0142y oferty eService na darmowy terminal p\u0142atniczy w ramach programu Polska Bezgot\u00f3wkowa. Odbierz do 3 terminali p\u0142atniczych za 0 z\u0142!\" \/>\n<meta property=\"og:url\" content=\"https:\/\/bezgotowki.pl\/es\/oferta\/\" \/>\n<meta property=\"og:site_name\" content=\"eService eShop\" \/>\n<meta property=\"article:modified_time\" content=\"2026-04-01T06:08:14+00:00\" \/>\n<meta name=\"twitter:card\" content=\"summary_large_image\" \/>\n<script type=\"application\/ld+json\" class=\"yoast-schema-graph\">{\"@context\":\"https:\/\/schema.org\",\"@graph\":[{\"@type\":\"WebPage\",\"@id\":\"https:\/\/bezgotowki.pl\/es\/oferta\/\",\"url\":\"https:\/\/bezgotowki.pl\/es\/oferta\/\",\"name\":\"Terminal p\u0142atniczy D220 bez abonamentu\",\"isPartOf\":{\"@id\":\"https:\/\/bezgotowki.pl\/es\/#website\"},\"datePublished\":\"2018-02-12T20:27:34+00:00\",\"dateModified\":\"2026-04-01T06:08:14+00:00\",\"description\":\"Poznaj szczeg\u00f3\u0142y oferty eService na darmowy terminal p\u0142atniczy w ramach programu Polska Bezgot\u00f3wkowa. Odbierz do 3 terminali p\u0142atniczych za 0 z\u0142!\",\"inLanguage\":\"pl-PL\",\"potentialAction\":[{\"@type\":\"ReadAction\",\"target\":[\"https:\/\/bezgotowki.pl\/es\/oferta\/\"]}]},{\"@type\":\"WebSite\",\"@id\":\"https:\/\/bezgotowki.pl\/es\/#website\",\"url\":\"https:\/\/bezgotowki.pl\/es\/\",\"name\":\"eService eShop\",\"description\":\"eService eShop\",\"potentialAction\":[{\"@type\":\"SearchAction\",\"target\":{\"@type\":\"EntryPoint\",\"urlTemplate\":\"https:\/\/bezgotowki.pl\/es\/?s={search_term_string}\"},\"query-input\":\"required name=search_term_string\"}],\"inLanguage\":\"pl-PL\"}]}<\/script>\n<!-- \/ Yoast SEO plugin. -->","yoast_head_json":{"title":"Terminal p\u0142atniczy D220 bez abonamentu","description":"Poznaj szczeg\u00f3\u0142y oferty eService na darmowy terminal p\u0142atniczy w ramach programu Polska Bezgot\u00f3wkowa. Odbierz do 3 terminali p\u0142atniczych za 0 z\u0142!","robots":{"index":"index","follow":"follow","max-snippet":"max-snippet:-1","max-image-preview":"max-image-preview:large","max-video-preview":"max-video-preview:-1"},"canonical":"https:\/\/bezgotowki.pl\/es\/oferta\/","og_locale":"pl_PL","og_type":"article","og_title":"Terminal p\u0142atniczy D220 bez abonamentu","og_description":"Poznaj szczeg\u00f3\u0142y oferty eService na darmowy terminal p\u0142atniczy w ramach programu Polska Bezgot\u00f3wkowa. Odbierz do 3 terminali p\u0142atniczych za 0 z\u0142!","og_url":"https:\/\/bezgotowki.pl\/es\/oferta\/","og_site_name":"eService eShop","article_modified_time":"2026-04-01T06:08:14+00:00","twitter_card":"summary_large_image","schema":{"@context":"https:\/\/schema.org","@graph":[{"@type":"WebPage","@id":"https:\/\/bezgotowki.pl\/es\/oferta\/","url":"https:\/\/bezgotowki.pl\/es\/oferta\/","name":"Terminal p\u0142atniczy D220 bez abonamentu","isPartOf":{"@id":"https:\/\/bezgotowki.pl\/es\/#website"},"datePublished":"2018-02-12T20:27:34+00:00","dateModified":"2026-04-01T06:08:14+00:00","description":"Poznaj szczeg\u00f3\u0142y oferty eService na darmowy terminal p\u0142atniczy w ramach programu Polska Bezgot\u00f3wkowa. Odbierz do 3 terminali p\u0142atniczych za 0 z\u0142!","inLanguage":"pl-PL","potentialAction":[{"@type":"ReadAction","target":["https:\/\/bezgotowki.pl\/es\/oferta\/"]}]},{"@type":"WebSite","@id":"https:\/\/bezgotowki.pl\/es\/#website","url":"https:\/\/bezgotowki.pl\/es\/","name":"eService eShop","description":"eService eShop","potentialAction":[{"@type":"SearchAction","target":{"@type":"EntryPoint","urlTemplate":"https:\/\/bezgotowki.pl\/es\/?s={search_term_string}"},"query-input":"required name=search_term_string"}],"inLanguage":"pl-PL"}]}},"_links":{"self":[{"href":"https:\/\/bezgotowki.pl\/es\/wp-json\/wp\/v2\/pages\/41"}],"collection":[{"href":"https:\/\/bezgotowki.pl\/es\/wp-json\/wp\/v2\/pages"}],"about":[{"href":"https:\/\/bezgotowki.pl\/es\/wp-json\/wp\/v2\/types\/page"}],"author":[{"embeddable":true,"href":"https:\/\/bezgotowki.pl\/es\/wp-json\/wp\/v2\/users\/1"}],"replies":[{"embeddable":true,"href":"https:\/\/bezgotowki.pl\/es\/wp-json\/wp\/v2\/comments?post=41"}],"version-history":[{"count":52,"href":"https:\/\/bezgotowki.pl\/es\/wp-json\/wp\/v2\/pages\/41\/revisions"}],"predecessor-version":[{"id":429,"href":"https:\/\/bezgotowki.pl\/es\/wp-json\/wp\/v2\/pages\/41\/revisions\/429"}],"wp:attachment":[{"href":"https:\/\/bezgotowki.pl\/es\/wp-json\/wp\/v2\/media?parent=41"}],"curies":[{"name":"wp","href":"https:\/\/api.w.org\/{rel}","templated":true}]}}