{"id":45,"date":"2018-02-12T20:27:51","date_gmt":"2018-02-12T20:27:51","guid":{"rendered":"https:\/\/bezgotowki.pl\/es?page_id=45"},"modified":"2018-04-10T06:52:00","modified_gmt":"2018-04-10T05:52:00","slug":"odbierz-terminal","status":"publish","type":"page","link":"https:\/\/bezgotowki.pl\/es\/odbierz-terminal\/","title":{"rendered":"Odbierz terminal"},"content":{"rendered":"","protected":false},"excerpt":{"rendered":"","protected":false},"author":1,"featured_media":0,"parent":0,"menu_order":0,"comment_status":"closed","ping_status":"closed","template":"pages\/select.php","meta":{"_acf_changed":false,"footnotes":""},"acf":[],"yoast_head":"<!-- This site is optimized with the Yoast SEO plugin v22.7 - https:\/\/yoast.com\/wordpress\/plugins\/seo\/ -->\n<title>Darmowy Terminal P\u0142atniczy | eService<\/title>\n<meta name=\"description\" content=\"W ramach Polski Bezgot\u00f3wkowej odbierz terminal D220 lub standardowy terminal POS bez abonamentu na 12 miesi\u0119cy. Odbierz nawet do 3 terminali za darmo!\" \/>\n<meta name=\"robots\" content=\"index, follow, max-snippet:-1, max-image-preview:large, max-video-preview:-1\" \/>\n<link rel=\"canonical\" href=\"https:\/\/bezgotowki.pl\/es\/odbierz-terminal\/\" \/>\n<meta property=\"og:locale\" content=\"pl_PL\" \/>\n<meta property=\"og:type\" content=\"article\" \/>\n<meta property=\"og:title\" content=\"Darmowy Terminal P\u0142atniczy | eService\" \/>\n<meta property=\"og:description\" content=\"W ramach Polski Bezgot\u00f3wkowej odbierz terminal D220 lub standardowy terminal POS bez abonamentu na 12 miesi\u0119cy. Odbierz nawet do 3 terminali za darmo!\" \/>\n<meta property=\"og:url\" content=\"https:\/\/bezgotowki.pl\/es\/odbierz-terminal\/\" \/>\n<meta property=\"og:site_name\" content=\"eService eShop\" \/>\n<meta property=\"article:modified_time\" content=\"2018-04-10T05:52:00+00:00\" \/>\n<meta name=\"twitter:card\" content=\"summary_large_image\" \/>\n<script type=\"application\/ld+json\" class=\"yoast-schema-graph\">{\"@context\":\"https:\/\/schema.org\",\"@graph\":[{\"@type\":\"WebPage\",\"@id\":\"https:\/\/bezgotowki.pl\/es\/odbierz-terminal\/\",\"url\":\"https:\/\/bezgotowki.pl\/es\/odbierz-terminal\/\",\"name\":\"Darmowy Terminal P\u0142atniczy | eService\",\"isPartOf\":{\"@id\":\"https:\/\/bezgotowki.pl\/es\/#website\"},\"datePublished\":\"2018-02-12T20:27:51+00:00\",\"dateModified\":\"2018-04-10T05:52:00+00:00\",\"description\":\"W ramach Polski Bezgot\u00f3wkowej odbierz terminal D220 lub standardowy terminal POS bez abonamentu na 12 miesi\u0119cy. Odbierz nawet do 3 terminali za darmo!\",\"inLanguage\":\"pl-PL\",\"potentialAction\":[{\"@type\":\"ReadAction\",\"target\":[\"https:\/\/bezgotowki.pl\/es\/odbierz-terminal\/\"]}]},{\"@type\":\"WebSite\",\"@id\":\"https:\/\/bezgotowki.pl\/es\/#website\",\"url\":\"https:\/\/bezgotowki.pl\/es\/\",\"name\":\"eService eShop\",\"description\":\"eService eShop\",\"potentialAction\":[{\"@type\":\"SearchAction\",\"target\":{\"@type\":\"EntryPoint\",\"urlTemplate\":\"https:\/\/bezgotowki.pl\/es\/?s={search_term_string}\"},\"query-input\":\"required name=search_term_string\"}],\"inLanguage\":\"pl-PL\"}]}<\/script>\n<!-- \/ Yoast SEO plugin. -->","yoast_head_json":{"title":"Darmowy Terminal P\u0142atniczy | eService","description":"W ramach Polski Bezgot\u00f3wkowej odbierz terminal D220 lub standardowy terminal POS bez abonamentu na 12 miesi\u0119cy. Odbierz nawet do 3 terminali za darmo!","robots":{"index":"index","follow":"follow","max-snippet":"max-snippet:-1","max-image-preview":"max-image-preview:large","max-video-preview":"max-video-preview:-1"},"canonical":"https:\/\/bezgotowki.pl\/es\/odbierz-terminal\/","og_locale":"pl_PL","og_type":"article","og_title":"Darmowy Terminal P\u0142atniczy | eService","og_description":"W ramach Polski Bezgot\u00f3wkowej odbierz terminal D220 lub standardowy terminal POS bez abonamentu na 12 miesi\u0119cy. Odbierz nawet do 3 terminali za darmo!","og_url":"https:\/\/bezgotowki.pl\/es\/odbierz-terminal\/","og_site_name":"eService eShop","article_modified_time":"2018-04-10T05:52:00+00:00","twitter_card":"summary_large_image","schema":{"@context":"https:\/\/schema.org","@graph":[{"@type":"WebPage","@id":"https:\/\/bezgotowki.pl\/es\/odbierz-terminal\/","url":"https:\/\/bezgotowki.pl\/es\/odbierz-terminal\/","name":"Darmowy Terminal P\u0142atniczy | eService","isPartOf":{"@id":"https:\/\/bezgotowki.pl\/es\/#website"},"datePublished":"2018-02-12T20:27:51+00:00","dateModified":"2018-04-10T05:52:00+00:00","description":"W ramach Polski Bezgot\u00f3wkowej odbierz terminal D220 lub standardowy terminal POS bez abonamentu na 12 miesi\u0119cy. Odbierz nawet do 3 terminali za darmo!","inLanguage":"pl-PL","potentialAction":[{"@type":"ReadAction","target":["https:\/\/bezgotowki.pl\/es\/odbierz-terminal\/"]}]},{"@type":"WebSite","@id":"https:\/\/bezgotowki.pl\/es\/#website","url":"https:\/\/bezgotowki.pl\/es\/","name":"eService eShop","description":"eService eShop","potentialAction":[{"@type":"SearchAction","target":{"@type":"EntryPoint","urlTemplate":"https:\/\/bezgotowki.pl\/es\/?s={search_term_string}"},"query-input":"required name=search_term_string"}],"inLanguage":"pl-PL"}]}},"_links":{"self":[{"href":"https:\/\/bezgotowki.pl\/es\/wp-json\/wp\/v2\/pages\/45"}],"collection":[{"href":"https:\/\/bezgotowki.pl\/es\/wp-json\/wp\/v2\/pages"}],"about":[{"href":"https:\/\/bezgotowki.pl\/es\/wp-json\/wp\/v2\/types\/page"}],"author":[{"embeddable":true,"href":"https:\/\/bezgotowki.pl\/es\/wp-json\/wp\/v2\/users\/1"}],"replies":[{"embeddable":true,"href":"https:\/\/bezgotowki.pl\/es\/wp-json\/wp\/v2\/comments?post=45"}],"version-history":[{"count":3,"href":"https:\/\/bezgotowki.pl\/es\/wp-json\/wp\/v2\/pages\/45\/revisions"}],"predecessor-version":[{"id":152,"href":"https:\/\/bezgotowki.pl\/es\/wp-json\/wp\/v2\/pages\/45\/revisions\/152"}],"wp:attachment":[{"href":"https:\/\/bezgotowki.pl\/es\/wp-json\/wp\/v2\/media?parent=45"}],"curies":[{"name":"wp","href":"https:\/\/api.w.org\/{rel}","templated":true}]}}