{"id":8,"date":"2018-02-12T11:20:35","date_gmt":"2018-02-12T11:20:35","guid":{"rendered":"https:\/\/bezgotowki.pl\/mr?page_id=8"},"modified":"2022-02-28T20:17:43","modified_gmt":"2022-02-28T19:17:43","slug":"strona-glowna","status":"publish","type":"page","link":"https:\/\/bezgotowki.pl\/mr\/","title":{"rendered":"Strona g\u0142\u00f3wna"},"content":{"rendered":"","protected":false},"excerpt":{"rendered":"","protected":false},"author":1,"featured_media":0,"parent":0,"menu_order":0,"comment_status":"closed","ping_status":"closed","template":"pages\/home.php","meta":{"_acf_changed":false,"footnotes":""},"acf":[],"yoast_head":"<!-- This site is optimized with the Yoast SEO plugin v22.7 - https:\/\/yoast.com\/wordpress\/plugins\/seo\/ -->\n<title>eService Darmowe Terminale P\u0142atnicze<\/title>\n<meta name=\"description\" content=\"Dzi\u0119ki Programowi Polska Bezgot\u00f3wkowa uzyskasz darmowy terminal p\u0142atniczy bez abonamentu. Wejd\u017a i sprawd\u017a \u2013 mo\u017cesz odebra\u0107 do 3 terminali p\u0142atniczych od eService!\" \/>\n<meta name=\"robots\" content=\"index, follow, max-snippet:-1, max-image-preview:large, max-video-preview:-1\" \/>\n<link rel=\"canonical\" href=\"https:\/\/bezgotowki.pl\/mr\/\" \/>\n<meta property=\"og:locale\" content=\"pl_PL\" \/>\n<meta property=\"og:type\" content=\"article\" \/>\n<meta property=\"og:title\" content=\"eService Darmowe Terminale P\u0142atnicze\" \/>\n<meta property=\"og:description\" content=\"Dzi\u0119ki Programowi Polska Bezgot\u00f3wkowa uzyskasz darmowy terminal p\u0142atniczy bez abonamentu. Wejd\u017a i sprawd\u017a \u2013 mo\u017cesz odebra\u0107 do 3 terminali p\u0142atniczych od eService!\" \/>\n<meta property=\"og:url\" content=\"https:\/\/bezgotowki.pl\/mr\/\" \/>\n<meta property=\"og:site_name\" content=\"eShop\" \/>\n<meta property=\"article:modified_time\" content=\"2022-02-28T19:17:43+00:00\" \/>\n<meta name=\"twitter:card\" content=\"summary_large_image\" \/>\n<script type=\"application\/ld+json\" class=\"yoast-schema-graph\">{\"@context\":\"https:\/\/schema.org\",\"@graph\":[{\"@type\":\"WebPage\",\"@id\":\"https:\/\/bezgotowki.pl\/mr\/\",\"url\":\"https:\/\/bezgotowki.pl\/mr\/\",\"name\":\"eService Darmowe Terminale P\u0142atnicze\",\"isPartOf\":{\"@id\":\"https:\/\/bezgotowki.pl\/mr\/#website\"},\"datePublished\":\"2018-02-12T11:20:35+00:00\",\"dateModified\":\"2022-02-28T19:17:43+00:00\",\"description\":\"Dzi\u0119ki Programowi Polska Bezgot\u00f3wkowa uzyskasz darmowy terminal p\u0142atniczy bez abonamentu. Wejd\u017a i sprawd\u017a \u2013 mo\u017cesz odebra\u0107 do 3 terminali p\u0142atniczych od eService!\",\"inLanguage\":\"pl-PL\",\"potentialAction\":[{\"@type\":\"ReadAction\",\"target\":[\"https:\/\/bezgotowki.pl\/mr\/\"]}]},{\"@type\":\"WebSite\",\"@id\":\"https:\/\/bezgotowki.pl\/mr\/#website\",\"url\":\"https:\/\/bezgotowki.pl\/mr\/\",\"name\":\"eShop\",\"description\":\"eService eShop\",\"publisher\":{\"@id\":\"https:\/\/bezgotowki.pl\/mr\/#organization\"},\"potentialAction\":[{\"@type\":\"SearchAction\",\"target\":{\"@type\":\"EntryPoint\",\"urlTemplate\":\"https:\/\/bezgotowki.pl\/mr\/?s={search_term_string}\"},\"query-input\":\"required name=search_term_string\"}],\"inLanguage\":\"pl-PL\"},{\"@type\":\"Organization\",\"@id\":\"https:\/\/bezgotowki.pl\/mr\/#organization\",\"name\":\"eService\",\"url\":\"https:\/\/bezgotowki.pl\/mr\/\",\"logo\":{\"@type\":\"ImageObject\",\"inLanguage\":\"pl-PL\",\"@id\":\"https:\/\/bezgotowki.pl\/mr\/#\/schema\/logo\/image\/\",\"url\":\"https:\/\/bezgotowki.pl\/mr\/wp-content\/uploads\/sites\/20\/2018\/04\/eservice_logo.png\",\"contentUrl\":\"https:\/\/bezgotowki.pl\/mr\/wp-content\/uploads\/sites\/20\/2018\/04\/eservice_logo.png\",\"width\":187,\"height\":35,\"caption\":\"eService\"},\"image\":{\"@id\":\"https:\/\/bezgotowki.pl\/mr\/#\/schema\/logo\/image\/\"}}]}<\/script>\n<!-- \/ Yoast SEO plugin. -->","yoast_head_json":{"title":"eService Darmowe Terminale P\u0142atnicze","description":"Dzi\u0119ki Programowi Polska Bezgot\u00f3wkowa uzyskasz darmowy terminal p\u0142atniczy bez abonamentu. Wejd\u017a i sprawd\u017a \u2013 mo\u017cesz odebra\u0107 do 3 terminali p\u0142atniczych od eService!","robots":{"index":"index","follow":"follow","max-snippet":"max-snippet:-1","max-image-preview":"max-image-preview:large","max-video-preview":"max-video-preview:-1"},"canonical":"https:\/\/bezgotowki.pl\/mr\/","og_locale":"pl_PL","og_type":"article","og_title":"eService Darmowe Terminale P\u0142atnicze","og_description":"Dzi\u0119ki Programowi Polska Bezgot\u00f3wkowa uzyskasz darmowy terminal p\u0142atniczy bez abonamentu. Wejd\u017a i sprawd\u017a \u2013 mo\u017cesz odebra\u0107 do 3 terminali p\u0142atniczych od eService!","og_url":"https:\/\/bezgotowki.pl\/mr\/","og_site_name":"eShop","article_modified_time":"2022-02-28T19:17:43+00:00","twitter_card":"summary_large_image","schema":{"@context":"https:\/\/schema.org","@graph":[{"@type":"WebPage","@id":"https:\/\/bezgotowki.pl\/mr\/","url":"https:\/\/bezgotowki.pl\/mr\/","name":"eService Darmowe Terminale P\u0142atnicze","isPartOf":{"@id":"https:\/\/bezgotowki.pl\/mr\/#website"},"datePublished":"2018-02-12T11:20:35+00:00","dateModified":"2022-02-28T19:17:43+00:00","description":"Dzi\u0119ki Programowi Polska Bezgot\u00f3wkowa uzyskasz darmowy terminal p\u0142atniczy bez abonamentu. Wejd\u017a i sprawd\u017a \u2013 mo\u017cesz odebra\u0107 do 3 terminali p\u0142atniczych od eService!","inLanguage":"pl-PL","potentialAction":[{"@type":"ReadAction","target":["https:\/\/bezgotowki.pl\/mr\/"]}]},{"@type":"WebSite","@id":"https:\/\/bezgotowki.pl\/mr\/#website","url":"https:\/\/bezgotowki.pl\/mr\/","name":"eShop","description":"eService eShop","publisher":{"@id":"https:\/\/bezgotowki.pl\/mr\/#organization"},"potentialAction":[{"@type":"SearchAction","target":{"@type":"EntryPoint","urlTemplate":"https:\/\/bezgotowki.pl\/mr\/?s={search_term_string}"},"query-input":"required name=search_term_string"}],"inLanguage":"pl-PL"},{"@type":"Organization","@id":"https:\/\/bezgotowki.pl\/mr\/#organization","name":"eService","url":"https:\/\/bezgotowki.pl\/mr\/","logo":{"@type":"ImageObject","inLanguage":"pl-PL","@id":"https:\/\/bezgotowki.pl\/mr\/#\/schema\/logo\/image\/","url":"https:\/\/bezgotowki.pl\/mr\/wp-content\/uploads\/sites\/20\/2018\/04\/eservice_logo.png","contentUrl":"https:\/\/bezgotowki.pl\/mr\/wp-content\/uploads\/sites\/20\/2018\/04\/eservice_logo.png","width":187,"height":35,"caption":"eService"},"image":{"@id":"https:\/\/bezgotowki.pl\/mr\/#\/schema\/logo\/image\/"}}]}},"_links":{"self":[{"href":"https:\/\/bezgotowki.pl\/mr\/wp-json\/wp\/v2\/pages\/8"}],"collection":[{"href":"https:\/\/bezgotowki.pl\/mr\/wp-json\/wp\/v2\/pages"}],"about":[{"href":"https:\/\/bezgotowki.pl\/mr\/wp-json\/wp\/v2\/types\/page"}],"author":[{"embeddable":true,"href":"https:\/\/bezgotowki.pl\/mr\/wp-json\/wp\/v2\/users\/1"}],"replies":[{"embeddable":true,"href":"https:\/\/bezgotowki.pl\/mr\/wp-json\/wp\/v2\/comments?post=8"}],"version-history":[{"count":20,"href":"https:\/\/bezgotowki.pl\/mr\/wp-json\/wp\/v2\/pages\/8\/revisions"}],"predecessor-version":[{"id":353,"href":"https:\/\/bezgotowki.pl\/mr\/wp-json\/wp\/v2\/pages\/8\/revisions\/353"}],"wp:attachment":[{"href":"https:\/\/bezgotowki.pl\/mr\/wp-json\/wp\/v2\/media?parent=8"}],"curies":[{"name":"wp","href":"https:\/\/api.w.org\/{rel}","templated":true}]}}