{"id":39,"date":"2018-02-12T20:27:29","date_gmt":"2018-02-12T20:27:29","guid":{"rendered":"https:\/\/bezgotowki.pl\/pkobp?page_id=39"},"modified":"2025-01-02T07:57:58","modified_gmt":"2025-01-02T07:57:58","slug":"o-programie","status":"publish","type":"page","link":"https:\/\/bezgotowki.pl\/pkobp\/o-programie\/","title":{"rendered":"O programie"},"content":{"rendered":"","protected":false},"excerpt":{"rendered":"","protected":false},"author":1,"featured_media":0,"parent":0,"menu_order":0,"comment_status":"closed","ping_status":"closed","template":"pages\/about.php","meta":{"_acf_changed":false,"footnotes":""},"acf":[],"yoast_head":"<!-- This site is optimized with the Yoast SEO plugin v22.7 - https:\/\/yoast.com\/wordpress\/plugins\/seo\/ -->\n<title>Program Polska Bezgot\u00f3wkowa - P\u0142atno\u015bci Bezgot\u00f3wkowe<\/title>\n<meta name=\"description\" content=\"P\u0142atno\u015bci bezgot\u00f3wkowe nied\u0142ugo trafi\u0105 do ka\u017cdego punktu sprzeda\u017cy w Polsce. Dowiedz si\u0119 wi\u0119cej na temat programu Polska Bezgot\u00f3wkowa\" \/>\n<meta name=\"robots\" content=\"index, follow, max-snippet:-1, max-image-preview:large, max-video-preview:-1\" \/>\n<link rel=\"canonical\" href=\"https:\/\/bezgotowki.pl\/o-programie\/\" \/>\n<meta property=\"og:locale\" content=\"pl_PL\" \/>\n<meta property=\"og:type\" content=\"article\" \/>\n<meta property=\"og:title\" content=\"Program Polska Bezgot\u00f3wkowa - P\u0142atno\u015bci Bezgot\u00f3wkowe\" \/>\n<meta property=\"og:description\" content=\"P\u0142atno\u015bci bezgot\u00f3wkowe nied\u0142ugo trafi\u0105 do ka\u017cdego punktu sprzeda\u017cy w Polsce. Dowiedz si\u0119 wi\u0119cej na temat programu Polska Bezgot\u00f3wkowa\" \/>\n<meta property=\"og:url\" content=\"https:\/\/bezgotowki.pl\/o-programie\/\" \/>\n<meta property=\"og:site_name\" content=\"PKO BP\" \/>\n<meta property=\"article:modified_time\" content=\"2025-01-02T07:57:58+00:00\" \/>\n<meta name=\"twitter:card\" content=\"summary_large_image\" \/>\n<script type=\"application\/ld+json\" class=\"yoast-schema-graph\">{\"@context\":\"https:\/\/schema.org\",\"@graph\":[{\"@type\":\"WebPage\",\"@id\":\"https:\/\/bezgotowki.pl\/pkobp\/o-programie\/\",\"url\":\"https:\/\/bezgotowki.pl\/o-programie\/\",\"name\":\"Program Polska Bezgot\u00f3wkowa - P\u0142atno\u015bci Bezgot\u00f3wkowe\",\"isPartOf\":{\"@id\":\"https:\/\/bezgotowki.pl\/pkobp\/#website\"},\"datePublished\":\"2018-02-12T20:27:29+00:00\",\"dateModified\":\"2025-01-02T07:57:58+00:00\",\"description\":\"P\u0142atno\u015bci bezgot\u00f3wkowe nied\u0142ugo trafi\u0105 do ka\u017cdego punktu sprzeda\u017cy w Polsce. Dowiedz si\u0119 wi\u0119cej na temat programu Polska Bezgot\u00f3wkowa\",\"breadcrumb\":{\"@id\":\"https:\/\/bezgotowki.pl\/o-programie\/#breadcrumb\"},\"inLanguage\":\"pl-PL\",\"potentialAction\":[{\"@type\":\"ReadAction\",\"target\":[\"https:\/\/bezgotowki.pl\/o-programie\/\"]}]},{\"@type\":\"BreadcrumbList\",\"@id\":\"https:\/\/bezgotowki.pl\/o-programie\/#breadcrumb\",\"itemListElement\":[{\"@type\":\"ListItem\",\"position\":1,\"name\":\"Strona g\u0142\u00f3wna\",\"item\":\"https:\/\/bezgotowki.pl\/pkobp\/\"},{\"@type\":\"ListItem\",\"position\":2,\"name\":\"O programie\"}]},{\"@type\":\"WebSite\",\"@id\":\"https:\/\/bezgotowki.pl\/pkobp\/#website\",\"url\":\"https:\/\/bezgotowki.pl\/pkobp\/\",\"name\":\"PKO BP\",\"description\":\"Strona g\u0142\u00f3wna\",\"publisher\":{\"@id\":\"https:\/\/bezgotowki.pl\/pkobp\/#organization\"},\"potentialAction\":[{\"@type\":\"SearchAction\",\"target\":{\"@type\":\"EntryPoint\",\"urlTemplate\":\"https:\/\/bezgotowki.pl\/pkobp\/?s={search_term_string}\"},\"query-input\":\"required name=search_term_string\"}],\"inLanguage\":\"pl-PL\"},{\"@type\":\"Organization\",\"@id\":\"https:\/\/bezgotowki.pl\/pkobp\/#organization\",\"name\":\"eService\",\"url\":\"https:\/\/bezgotowki.pl\/pkobp\/\",\"logo\":{\"@type\":\"ImageObject\",\"inLanguage\":\"pl-PL\",\"@id\":\"https:\/\/bezgotowki.pl\/pkobp\/#\/schema\/logo\/image\/\",\"url\":\"https:\/\/bezgotowki.pl\/pkobp\/wp-content\/uploads\/sites\/19\/2018\/04\/eservice_logo.png\",\"contentUrl\":\"https:\/\/bezgotowki.pl\/pkobp\/wp-content\/uploads\/sites\/19\/2018\/04\/eservice_logo.png\",\"width\":187,\"height\":35,\"caption\":\"eService\"},\"image\":{\"@id\":\"https:\/\/bezgotowki.pl\/pkobp\/#\/schema\/logo\/image\/\"}}]}<\/script>\n<!-- \/ Yoast SEO plugin. -->","yoast_head_json":{"title":"Program Polska Bezgot\u00f3wkowa - P\u0142atno\u015bci Bezgot\u00f3wkowe","description":"P\u0142atno\u015bci bezgot\u00f3wkowe nied\u0142ugo trafi\u0105 do ka\u017cdego punktu sprzeda\u017cy w Polsce. Dowiedz si\u0119 wi\u0119cej na temat programu Polska Bezgot\u00f3wkowa","robots":{"index":"index","follow":"follow","max-snippet":"max-snippet:-1","max-image-preview":"max-image-preview:large","max-video-preview":"max-video-preview:-1"},"canonical":"https:\/\/bezgotowki.pl\/o-programie\/","og_locale":"pl_PL","og_type":"article","og_title":"Program Polska Bezgot\u00f3wkowa - P\u0142atno\u015bci Bezgot\u00f3wkowe","og_description":"P\u0142atno\u015bci bezgot\u00f3wkowe nied\u0142ugo trafi\u0105 do ka\u017cdego punktu sprzeda\u017cy w Polsce. Dowiedz si\u0119 wi\u0119cej na temat programu Polska Bezgot\u00f3wkowa","og_url":"https:\/\/bezgotowki.pl\/o-programie\/","og_site_name":"PKO BP","article_modified_time":"2025-01-02T07:57:58+00:00","twitter_card":"summary_large_image","schema":{"@context":"https:\/\/schema.org","@graph":[{"@type":"WebPage","@id":"https:\/\/bezgotowki.pl\/pkobp\/o-programie\/","url":"https:\/\/bezgotowki.pl\/o-programie\/","name":"Program Polska Bezgot\u00f3wkowa - P\u0142atno\u015bci Bezgot\u00f3wkowe","isPartOf":{"@id":"https:\/\/bezgotowki.pl\/pkobp\/#website"},"datePublished":"2018-02-12T20:27:29+00:00","dateModified":"2025-01-02T07:57:58+00:00","description":"P\u0142atno\u015bci bezgot\u00f3wkowe nied\u0142ugo trafi\u0105 do ka\u017cdego punktu sprzeda\u017cy w Polsce. Dowiedz si\u0119 wi\u0119cej na temat programu Polska Bezgot\u00f3wkowa","breadcrumb":{"@id":"https:\/\/bezgotowki.pl\/o-programie\/#breadcrumb"},"inLanguage":"pl-PL","potentialAction":[{"@type":"ReadAction","target":["https:\/\/bezgotowki.pl\/o-programie\/"]}]},{"@type":"BreadcrumbList","@id":"https:\/\/bezgotowki.pl\/o-programie\/#breadcrumb","itemListElement":[{"@type":"ListItem","position":1,"name":"Strona g\u0142\u00f3wna","item":"https:\/\/bezgotowki.pl\/pkobp\/"},{"@type":"ListItem","position":2,"name":"O programie"}]},{"@type":"WebSite","@id":"https:\/\/bezgotowki.pl\/pkobp\/#website","url":"https:\/\/bezgotowki.pl\/pkobp\/","name":"PKO BP","description":"Strona g\u0142\u00f3wna","publisher":{"@id":"https:\/\/bezgotowki.pl\/pkobp\/#organization"},"potentialAction":[{"@type":"SearchAction","target":{"@type":"EntryPoint","urlTemplate":"https:\/\/bezgotowki.pl\/pkobp\/?s={search_term_string}"},"query-input":"required name=search_term_string"}],"inLanguage":"pl-PL"},{"@type":"Organization","@id":"https:\/\/bezgotowki.pl\/pkobp\/#organization","name":"eService","url":"https:\/\/bezgotowki.pl\/pkobp\/","logo":{"@type":"ImageObject","inLanguage":"pl-PL","@id":"https:\/\/bezgotowki.pl\/pkobp\/#\/schema\/logo\/image\/","url":"https:\/\/bezgotowki.pl\/pkobp\/wp-content\/uploads\/sites\/19\/2018\/04\/eservice_logo.png","contentUrl":"https:\/\/bezgotowki.pl\/pkobp\/wp-content\/uploads\/sites\/19\/2018\/04\/eservice_logo.png","width":187,"height":35,"caption":"eService"},"image":{"@id":"https:\/\/bezgotowki.pl\/pkobp\/#\/schema\/logo\/image\/"}}]}},"_links":{"self":[{"href":"https:\/\/bezgotowki.pl\/pkobp\/wp-json\/wp\/v2\/pages\/39"}],"collection":[{"href":"https:\/\/bezgotowki.pl\/pkobp\/wp-json\/wp\/v2\/pages"}],"about":[{"href":"https:\/\/bezgotowki.pl\/pkobp\/wp-json\/wp\/v2\/types\/page"}],"author":[{"embeddable":true,"href":"https:\/\/bezgotowki.pl\/pkobp\/wp-json\/wp\/v2\/users\/1"}],"replies":[{"embeddable":true,"href":"https:\/\/bezgotowki.pl\/pkobp\/wp-json\/wp\/v2\/comments?post=39"}],"version-history":[{"count":19,"href":"https:\/\/bezgotowki.pl\/pkobp\/wp-json\/wp\/v2\/pages\/39\/revisions"}],"predecessor-version":[{"id":391,"href":"https:\/\/bezgotowki.pl\/pkobp\/wp-json\/wp\/v2\/pages\/39\/revisions\/391"}],"wp:attachment":[{"href":"https:\/\/bezgotowki.pl\/pkobp\/wp-json\/wp\/v2\/media?parent=39"}],"curies":[{"name":"wp","href":"https:\/\/api.w.org\/{rel}","templated":true}]}}