{"id":8,"date":"2018-02-12T11:20:35","date_gmt":"2018-02-12T11:20:35","guid":{"rendered":"https:\/\/bezgotowki.pl\/pkobp?page_id=8"},"modified":"2024-08-08T08:34:04","modified_gmt":"2024-08-08T08:34:04","slug":"strona-glowna","status":"publish","type":"page","link":"https:\/\/bezgotowki.pl\/pkobp\/","title":{"rendered":"Strona g\u0142\u00f3wna"},"content":{"rendered":"","protected":false},"excerpt":{"rendered":"","protected":false},"author":1,"featured_media":0,"parent":0,"menu_order":0,"comment_status":"closed","ping_status":"closed","template":"pages\/home.php","meta":{"_acf_changed":false,"footnotes":""},"acf":[],"yoast_head":"<!-- This site is optimized with the Yoast SEO plugin v22.7 - https:\/\/yoast.com\/wordpress\/plugins\/seo\/ -->\n<title>Darmowe Terminale - Polska Bezgot\u00f3wkowa | Orange<\/title>\n<meta name=\"description\" content=\"Oferta Orange \u2013 Partnera eService, na darmowe terminale p\u0142atnicze w ramach programu Polska Bezgot\u00f3wkowa. Odbierz do 3 terminali p\u0142atniczych za 0 z\u0142!\" \/>\n<meta name=\"robots\" content=\"index, follow, max-snippet:-1, max-image-preview:large, max-video-preview:-1\" \/>\n<link rel=\"canonical\" href=\"http:\/\/bezgotowki.pl\/\" \/>\n<meta property=\"og:locale\" content=\"pl_PL\" \/>\n<meta property=\"og:type\" content=\"article\" \/>\n<meta property=\"og:title\" content=\"Darmowe Terminale - Polska Bezgot\u00f3wkowa | Orange\" \/>\n<meta property=\"og:description\" content=\"Oferta Orange \u2013 Partnera eService, na darmowe terminale p\u0142atnicze w ramach programu Polska Bezgot\u00f3wkowa. Odbierz do 3 terminali p\u0142atniczych za 0 z\u0142!\" \/>\n<meta property=\"og:url\" content=\"http:\/\/bezgotowki.pl\/\" \/>\n<meta property=\"og:site_name\" content=\"PKO BP\" \/>\n<meta property=\"article:modified_time\" content=\"2024-08-08T08:34:04+00:00\" \/>\n<meta name=\"twitter:card\" content=\"summary_large_image\" \/>\n<script type=\"application\/ld+json\" class=\"yoast-schema-graph\">{\"@context\":\"https:\/\/schema.org\",\"@graph\":[{\"@type\":\"WebPage\",\"@id\":\"https:\/\/bezgotowki.pl\/pkobp\/\",\"url\":\"http:\/\/bezgotowki.pl\/\",\"name\":\"Darmowe Terminale - Polska Bezgot\u00f3wkowa | Orange\",\"isPartOf\":{\"@id\":\"https:\/\/bezgotowki.pl\/pkobp\/#website\"},\"datePublished\":\"2018-02-12T11:20:35+00:00\",\"dateModified\":\"2024-08-08T08:34:04+00:00\",\"description\":\"Oferta Orange \u2013 Partnera eService, na darmowe terminale p\u0142atnicze w ramach programu Polska Bezgot\u00f3wkowa. Odbierz do 3 terminali p\u0142atniczych za 0 z\u0142!\",\"breadcrumb\":{\"@id\":\"http:\/\/bezgotowki.pl\/#breadcrumb\"},\"inLanguage\":\"pl-PL\",\"potentialAction\":[{\"@type\":\"ReadAction\",\"target\":[\"http:\/\/bezgotowki.pl\/\"]}]},{\"@type\":\"BreadcrumbList\",\"@id\":\"http:\/\/bezgotowki.pl\/#breadcrumb\",\"itemListElement\":[{\"@type\":\"ListItem\",\"position\":1,\"name\":\"Strona g\u0142\u00f3wna\",\"item\":\"https:\/\/bezgotowki.pl\/pkobp\/\"},{\"@type\":\"ListItem\",\"position\":2,\"name\":\"Strona g\u0142\u00f3wna\"}]},{\"@type\":\"WebSite\",\"@id\":\"https:\/\/bezgotowki.pl\/pkobp\/#website\",\"url\":\"https:\/\/bezgotowki.pl\/pkobp\/\",\"name\":\"PKO BP\",\"description\":\"Strona g\u0142\u00f3wna\",\"publisher\":{\"@id\":\"https:\/\/bezgotowki.pl\/pkobp\/#organization\"},\"potentialAction\":[{\"@type\":\"SearchAction\",\"target\":{\"@type\":\"EntryPoint\",\"urlTemplate\":\"https:\/\/bezgotowki.pl\/pkobp\/?s={search_term_string}\"},\"query-input\":\"required name=search_term_string\"}],\"inLanguage\":\"pl-PL\"},{\"@type\":\"Organization\",\"@id\":\"https:\/\/bezgotowki.pl\/pkobp\/#organization\",\"name\":\"eService\",\"url\":\"https:\/\/bezgotowki.pl\/pkobp\/\",\"logo\":{\"@type\":\"ImageObject\",\"inLanguage\":\"pl-PL\",\"@id\":\"https:\/\/bezgotowki.pl\/pkobp\/#\/schema\/logo\/image\/\",\"url\":\"https:\/\/bezgotowki.pl\/pkobp\/wp-content\/uploads\/sites\/19\/2018\/04\/eservice_logo.png\",\"contentUrl\":\"https:\/\/bezgotowki.pl\/pkobp\/wp-content\/uploads\/sites\/19\/2018\/04\/eservice_logo.png\",\"width\":187,\"height\":35,\"caption\":\"eService\"},\"image\":{\"@id\":\"https:\/\/bezgotowki.pl\/pkobp\/#\/schema\/logo\/image\/\"}}]}<\/script>\n<!-- \/ Yoast SEO plugin. -->","yoast_head_json":{"title":"Darmowe Terminale - Polska Bezgot\u00f3wkowa | Orange","description":"Oferta Orange \u2013 Partnera eService, na darmowe terminale p\u0142atnicze w ramach programu Polska Bezgot\u00f3wkowa. Odbierz do 3 terminali p\u0142atniczych za 0 z\u0142!","robots":{"index":"index","follow":"follow","max-snippet":"max-snippet:-1","max-image-preview":"max-image-preview:large","max-video-preview":"max-video-preview:-1"},"canonical":"http:\/\/bezgotowki.pl\/","og_locale":"pl_PL","og_type":"article","og_title":"Darmowe Terminale - Polska Bezgot\u00f3wkowa | Orange","og_description":"Oferta Orange \u2013 Partnera eService, na darmowe terminale p\u0142atnicze w ramach programu Polska Bezgot\u00f3wkowa. Odbierz do 3 terminali p\u0142atniczych za 0 z\u0142!","og_url":"http:\/\/bezgotowki.pl\/","og_site_name":"PKO BP","article_modified_time":"2024-08-08T08:34:04+00:00","twitter_card":"summary_large_image","schema":{"@context":"https:\/\/schema.org","@graph":[{"@type":"WebPage","@id":"https:\/\/bezgotowki.pl\/pkobp\/","url":"http:\/\/bezgotowki.pl\/","name":"Darmowe Terminale - Polska Bezgot\u00f3wkowa | Orange","isPartOf":{"@id":"https:\/\/bezgotowki.pl\/pkobp\/#website"},"datePublished":"2018-02-12T11:20:35+00:00","dateModified":"2024-08-08T08:34:04+00:00","description":"Oferta Orange \u2013 Partnera eService, na darmowe terminale p\u0142atnicze w ramach programu Polska Bezgot\u00f3wkowa. Odbierz do 3 terminali p\u0142atniczych za 0 z\u0142!","breadcrumb":{"@id":"http:\/\/bezgotowki.pl\/#breadcrumb"},"inLanguage":"pl-PL","potentialAction":[{"@type":"ReadAction","target":["http:\/\/bezgotowki.pl\/"]}]},{"@type":"BreadcrumbList","@id":"http:\/\/bezgotowki.pl\/#breadcrumb","itemListElement":[{"@type":"ListItem","position":1,"name":"Strona g\u0142\u00f3wna","item":"https:\/\/bezgotowki.pl\/pkobp\/"},{"@type":"ListItem","position":2,"name":"Strona g\u0142\u00f3wna"}]},{"@type":"WebSite","@id":"https:\/\/bezgotowki.pl\/pkobp\/#website","url":"https:\/\/bezgotowki.pl\/pkobp\/","name":"PKO BP","description":"Strona g\u0142\u00f3wna","publisher":{"@id":"https:\/\/bezgotowki.pl\/pkobp\/#organization"},"potentialAction":[{"@type":"SearchAction","target":{"@type":"EntryPoint","urlTemplate":"https:\/\/bezgotowki.pl\/pkobp\/?s={search_term_string}"},"query-input":"required name=search_term_string"}],"inLanguage":"pl-PL"},{"@type":"Organization","@id":"https:\/\/bezgotowki.pl\/pkobp\/#organization","name":"eService","url":"https:\/\/bezgotowki.pl\/pkobp\/","logo":{"@type":"ImageObject","inLanguage":"pl-PL","@id":"https:\/\/bezgotowki.pl\/pkobp\/#\/schema\/logo\/image\/","url":"https:\/\/bezgotowki.pl\/pkobp\/wp-content\/uploads\/sites\/19\/2018\/04\/eservice_logo.png","contentUrl":"https:\/\/bezgotowki.pl\/pkobp\/wp-content\/uploads\/sites\/19\/2018\/04\/eservice_logo.png","width":187,"height":35,"caption":"eService"},"image":{"@id":"https:\/\/bezgotowki.pl\/pkobp\/#\/schema\/logo\/image\/"}}]}},"_links":{"self":[{"href":"https:\/\/bezgotowki.pl\/pkobp\/wp-json\/wp\/v2\/pages\/8"}],"collection":[{"href":"https:\/\/bezgotowki.pl\/pkobp\/wp-json\/wp\/v2\/pages"}],"about":[{"href":"https:\/\/bezgotowki.pl\/pkobp\/wp-json\/wp\/v2\/types\/page"}],"author":[{"embeddable":true,"href":"https:\/\/bezgotowki.pl\/pkobp\/wp-json\/wp\/v2\/users\/1"}],"replies":[{"embeddable":true,"href":"https:\/\/bezgotowki.pl\/pkobp\/wp-json\/wp\/v2\/comments?post=8"}],"version-history":[{"count":35,"href":"https:\/\/bezgotowki.pl\/pkobp\/wp-json\/wp\/v2\/pages\/8\/revisions"}],"predecessor-version":[{"id":386,"href":"https:\/\/bezgotowki.pl\/pkobp\/wp-json\/wp\/v2\/pages\/8\/revisions\/386"}],"wp:attachment":[{"href":"https:\/\/bezgotowki.pl\/pkobp\/wp-json\/wp\/v2\/media?parent=8"}],"curies":[{"name":"wp","href":"https:\/\/api.w.org\/{rel}","templated":true}]}}