{"id":2,"date":"2018-02-12T12:12:07","date_gmt":"2018-02-12T12:12:07","guid":{"rendered":"https:\/\/bezgotowki.pl\/poczta-polska?page_id=2"},"modified":"2024-08-08T10:52:04","modified_gmt":"2024-08-08T10:52:04","slug":"kontakt","status":"publish","type":"page","link":"https:\/\/bezgotowki.pl\/poczta-polska\/kontakt\/","title":{"rendered":"Kontakt"},"content":{"rendered":"<p>This is an example of a WordPress page, you could edit this to put information about yourself or your site so readers know where you are coming from. You can create as many pages like this one or sub-pages as you like and manage all of your content inside of WordPress.<\/p>\n","protected":false},"excerpt":{"rendered":"<p>This is an example of a WordPress page, you could edit this to put information about yourself or your site so readers know where you are coming from. You can create as many pages like this one or sub-pages as you like and manage all of your content inside of WordPress.<\/p>\n","protected":false},"author":1,"featured_media":0,"parent":0,"menu_order":0,"comment_status":"open","ping_status":"open","template":"pages\/contact.php","meta":{"_acf_changed":false,"footnotes":""},"acf":[],"yoast_head":"<!-- This site is optimized with the Yoast SEO plugin v22.7 - https:\/\/yoast.com\/wordpress\/plugins\/seo\/ -->\n<title>Poczta Polska eshop<\/title>\n<meta name=\"description\" content=\"Dzi\u0119ki Programowi Polska Bezgot\u00f3wkowa uzyskasz darmowy terminal p\u0142atniczy bez abonamentu. Wejd\u017a i sprawd\u017a \u2013 mo\u017cesz odebra\u0107 do 3 terminali p\u0142atniczych od eService!\" \/>\n<meta name=\"robots\" content=\"index, follow, max-snippet:-1, max-image-preview:large, max-video-preview:-1\" \/>\n<link rel=\"canonical\" href=\"https:\/\/bezgotowki.pl\/kontakt\/\" \/>\n<meta property=\"og:locale\" content=\"pl_PL\" \/>\n<meta property=\"og:type\" content=\"article\" \/>\n<meta property=\"og:title\" content=\"Poczta Polska eshop\" \/>\n<meta property=\"og:description\" content=\"Dzi\u0119ki Programowi Polska Bezgot\u00f3wkowa uzyskasz darmowy terminal p\u0142atniczy bez abonamentu. Wejd\u017a i sprawd\u017a \u2013 mo\u017cesz odebra\u0107 do 3 terminali p\u0142atniczych od eService!\" \/>\n<meta property=\"og:url\" content=\"https:\/\/bezgotowki.pl\/kontakt\/\" \/>\n<meta property=\"og:site_name\" content=\"Poczta Polska\" \/>\n<meta property=\"article:modified_time\" content=\"2024-08-08T10:52:04+00:00\" \/>\n<meta name=\"twitter:card\" content=\"summary_large_image\" \/>\n<meta name=\"twitter:label1\" content=\"Szacowany czas czytania\" \/>\n\t<meta name=\"twitter:data1\" content=\"1 minuta\" \/>\n<script type=\"application\/ld+json\" class=\"yoast-schema-graph\">{\"@context\":\"https:\/\/schema.org\",\"@graph\":[{\"@type\":\"WebPage\",\"@id\":\"https:\/\/bezgotowki.pl\/poczta-polska\/kontakt\/\",\"url\":\"https:\/\/bezgotowki.pl\/kontakt\/\",\"name\":\"Poczta Polska eshop\",\"isPartOf\":{\"@id\":\"https:\/\/bezgotowki.pl\/poczta-polska\/#website\"},\"datePublished\":\"2018-02-12T12:12:07+00:00\",\"dateModified\":\"2024-08-08T10:52:04+00:00\",\"description\":\"Dzi\u0119ki Programowi Polska Bezgot\u00f3wkowa uzyskasz darmowy terminal p\u0142atniczy bez abonamentu. Wejd\u017a i sprawd\u017a \u2013 mo\u017cesz odebra\u0107 do 3 terminali p\u0142atniczych od eService!\",\"inLanguage\":\"pl-PL\",\"potentialAction\":[{\"@type\":\"ReadAction\",\"target\":[\"https:\/\/bezgotowki.pl\/kontakt\/\"]}]},{\"@type\":\"WebSite\",\"@id\":\"https:\/\/bezgotowki.pl\/poczta-polska\/#website\",\"url\":\"https:\/\/bezgotowki.pl\/poczta-polska\/\",\"name\":\"Poczta Polska\",\"description\":\"Strona g\u0142\u00f3wna\",\"publisher\":{\"@id\":\"https:\/\/bezgotowki.pl\/poczta-polska\/#organization\"},\"potentialAction\":[{\"@type\":\"SearchAction\",\"target\":{\"@type\":\"EntryPoint\",\"urlTemplate\":\"https:\/\/bezgotowki.pl\/poczta-polska\/?s={search_term_string}\"},\"query-input\":\"required name=search_term_string\"}],\"inLanguage\":\"pl-PL\"},{\"@type\":\"Organization\",\"@id\":\"https:\/\/bezgotowki.pl\/poczta-polska\/#organization\",\"name\":\"eService\",\"url\":\"https:\/\/bezgotowki.pl\/poczta-polska\/\",\"logo\":{\"@type\":\"ImageObject\",\"inLanguage\":\"pl-PL\",\"@id\":\"https:\/\/bezgotowki.pl\/poczta-polska\/#\/schema\/logo\/image\/\",\"url\":\"https:\/\/bezgotowki.pl\/poczta-polska\/wp-content\/uploads\/sites\/15\/2018\/04\/eservice_logo.png\",\"contentUrl\":\"https:\/\/bezgotowki.pl\/poczta-polska\/wp-content\/uploads\/sites\/15\/2018\/04\/eservice_logo.png\",\"width\":187,\"height\":35,\"caption\":\"eService\"},\"image\":{\"@id\":\"https:\/\/bezgotowki.pl\/poczta-polska\/#\/schema\/logo\/image\/\"}}]}<\/script>\n<!-- \/ Yoast SEO plugin. -->","yoast_head_json":{"title":"Poczta Polska eshop","description":"Dzi\u0119ki Programowi Polska Bezgot\u00f3wkowa uzyskasz darmowy terminal p\u0142atniczy bez abonamentu. Wejd\u017a i sprawd\u017a \u2013 mo\u017cesz odebra\u0107 do 3 terminali p\u0142atniczych od eService!","robots":{"index":"index","follow":"follow","max-snippet":"max-snippet:-1","max-image-preview":"max-image-preview:large","max-video-preview":"max-video-preview:-1"},"canonical":"https:\/\/bezgotowki.pl\/kontakt\/","og_locale":"pl_PL","og_type":"article","og_title":"Poczta Polska eshop","og_description":"Dzi\u0119ki Programowi Polska Bezgot\u00f3wkowa uzyskasz darmowy terminal p\u0142atniczy bez abonamentu. Wejd\u017a i sprawd\u017a \u2013 mo\u017cesz odebra\u0107 do 3 terminali p\u0142atniczych od eService!","og_url":"https:\/\/bezgotowki.pl\/kontakt\/","og_site_name":"Poczta Polska","article_modified_time":"2024-08-08T10:52:04+00:00","twitter_card":"summary_large_image","twitter_misc":{"Szacowany czas czytania":"1 minuta"},"schema":{"@context":"https:\/\/schema.org","@graph":[{"@type":"WebPage","@id":"https:\/\/bezgotowki.pl\/poczta-polska\/kontakt\/","url":"https:\/\/bezgotowki.pl\/kontakt\/","name":"Poczta Polska eshop","isPartOf":{"@id":"https:\/\/bezgotowki.pl\/poczta-polska\/#website"},"datePublished":"2018-02-12T12:12:07+00:00","dateModified":"2024-08-08T10:52:04+00:00","description":"Dzi\u0119ki Programowi Polska Bezgot\u00f3wkowa uzyskasz darmowy terminal p\u0142atniczy bez abonamentu. Wejd\u017a i sprawd\u017a \u2013 mo\u017cesz odebra\u0107 do 3 terminali p\u0142atniczych od eService!","inLanguage":"pl-PL","potentialAction":[{"@type":"ReadAction","target":["https:\/\/bezgotowki.pl\/kontakt\/"]}]},{"@type":"WebSite","@id":"https:\/\/bezgotowki.pl\/poczta-polska\/#website","url":"https:\/\/bezgotowki.pl\/poczta-polska\/","name":"Poczta Polska","description":"Strona g\u0142\u00f3wna","publisher":{"@id":"https:\/\/bezgotowki.pl\/poczta-polska\/#organization"},"potentialAction":[{"@type":"SearchAction","target":{"@type":"EntryPoint","urlTemplate":"https:\/\/bezgotowki.pl\/poczta-polska\/?s={search_term_string}"},"query-input":"required name=search_term_string"}],"inLanguage":"pl-PL"},{"@type":"Organization","@id":"https:\/\/bezgotowki.pl\/poczta-polska\/#organization","name":"eService","url":"https:\/\/bezgotowki.pl\/poczta-polska\/","logo":{"@type":"ImageObject","inLanguage":"pl-PL","@id":"https:\/\/bezgotowki.pl\/poczta-polska\/#\/schema\/logo\/image\/","url":"https:\/\/bezgotowki.pl\/poczta-polska\/wp-content\/uploads\/sites\/15\/2018\/04\/eservice_logo.png","contentUrl":"https:\/\/bezgotowki.pl\/poczta-polska\/wp-content\/uploads\/sites\/15\/2018\/04\/eservice_logo.png","width":187,"height":35,"caption":"eService"},"image":{"@id":"https:\/\/bezgotowki.pl\/poczta-polska\/#\/schema\/logo\/image\/"}}]}},"_links":{"self":[{"href":"https:\/\/bezgotowki.pl\/poczta-polska\/wp-json\/wp\/v2\/pages\/2"}],"collection":[{"href":"https:\/\/bezgotowki.pl\/poczta-polska\/wp-json\/wp\/v2\/pages"}],"about":[{"href":"https:\/\/bezgotowki.pl\/poczta-polska\/wp-json\/wp\/v2\/types\/page"}],"author":[{"embeddable":true,"href":"https:\/\/bezgotowki.pl\/poczta-polska\/wp-json\/wp\/v2\/users\/1"}],"replies":[{"embeddable":true,"href":"https:\/\/bezgotowki.pl\/poczta-polska\/wp-json\/wp\/v2\/comments?post=2"}],"version-history":[{"count":8,"href":"https:\/\/bezgotowki.pl\/poczta-polska\/wp-json\/wp\/v2\/pages\/2\/revisions"}],"predecessor-version":[{"id":343,"href":"https:\/\/bezgotowki.pl\/poczta-polska\/wp-json\/wp\/v2\/pages\/2\/revisions\/343"}],"wp:attachment":[{"href":"https:\/\/bezgotowki.pl\/poczta-polska\/wp-json\/wp\/v2\/media?parent=2"}],"curies":[{"name":"wp","href":"https:\/\/api.w.org\/{rel}","templated":true}]}}