{"id":41,"date":"2018-02-12T20:27:34","date_gmt":"2018-02-12T20:27:34","guid":{"rendered":"https:\/\/bezgotowki.pl\/sektor-publiczny?page_id=41"},"modified":"2021-11-25T09:35:01","modified_gmt":"2021-11-25T08:35:01","slug":"oferta","status":"publish","type":"page","link":"https:\/\/bezgotowki.pl\/sektor-publiczny\/oferta\/","title":{"rendered":"Oferta"},"content":{"rendered":"","protected":false},"excerpt":{"rendered":"","protected":false},"author":1,"featured_media":0,"parent":0,"menu_order":0,"comment_status":"closed","ping_status":"closed","template":"pages\/offer.php","meta":{"_acf_changed":false,"footnotes":""},"acf":[],"yoast_head":"<!-- This site is optimized with the Yoast SEO plugin v22.7 - https:\/\/yoast.com\/wordpress\/plugins\/seo\/ -->\n<title>Terminal p\u0142atniczy D220 dla Instytucji Publicznych<\/title>\n<meta name=\"description\" content=\"Poznaj szczeg\u00f3\u0142y oferty eService na darmowe terminale p\u0142atnicze w ramach programu Polska Bezgot\u00f3wkowa dla instytucji publicznych. Odbierz darmowe terminale p\u0142atnicze!\" \/>\n<meta name=\"robots\" content=\"index, follow, max-snippet:-1, max-image-preview:large, max-video-preview:-1\" \/>\n<link rel=\"canonical\" href=\"https:\/\/bezgotowki.pl\/sektor-publiczny\/oferta\/\" \/>\n<meta property=\"og:locale\" content=\"pl_PL\" \/>\n<meta property=\"og:type\" content=\"article\" \/>\n<meta property=\"og:title\" content=\"Terminal p\u0142atniczy D220 dla Instytucji Publicznych\" \/>\n<meta property=\"og:description\" content=\"Poznaj szczeg\u00f3\u0142y oferty eService na darmowe terminale p\u0142atnicze w ramach programu Polska Bezgot\u00f3wkowa dla instytucji publicznych. Odbierz darmowe terminale p\u0142atnicze!\" \/>\n<meta property=\"og:url\" content=\"https:\/\/bezgotowki.pl\/sektor-publiczny\/oferta\/\" \/>\n<meta property=\"og:site_name\" content=\"eService - Sektor Publiczny\" \/>\n<meta property=\"article:modified_time\" content=\"2021-11-25T08:35:01+00:00\" \/>\n<meta name=\"twitter:card\" content=\"summary_large_image\" \/>\n<script type=\"application\/ld+json\" class=\"yoast-schema-graph\">{\"@context\":\"https:\/\/schema.org\",\"@graph\":[{\"@type\":\"WebPage\",\"@id\":\"https:\/\/bezgotowki.pl\/sektor-publiczny\/oferta\/\",\"url\":\"https:\/\/bezgotowki.pl\/sektor-publiczny\/oferta\/\",\"name\":\"Terminal p\u0142atniczy D220 dla Instytucji Publicznych\",\"isPartOf\":{\"@id\":\"https:\/\/bezgotowki.pl\/sektor-publiczny\/#website\"},\"datePublished\":\"2018-02-12T20:27:34+00:00\",\"dateModified\":\"2021-11-25T08:35:01+00:00\",\"description\":\"Poznaj szczeg\u00f3\u0142y oferty eService na darmowe terminale p\u0142atnicze w ramach programu Polska Bezgot\u00f3wkowa dla instytucji publicznych. Odbierz darmowe terminale p\u0142atnicze!\",\"inLanguage\":\"pl-PL\",\"potentialAction\":[{\"@type\":\"ReadAction\",\"target\":[\"https:\/\/bezgotowki.pl\/sektor-publiczny\/oferta\/\"]}]},{\"@type\":\"WebSite\",\"@id\":\"https:\/\/bezgotowki.pl\/sektor-publiczny\/#website\",\"url\":\"https:\/\/bezgotowki.pl\/sektor-publiczny\/\",\"name\":\"eService - Sektor Publiczny\",\"description\":\"eService eShop\",\"publisher\":{\"@id\":\"https:\/\/bezgotowki.pl\/sektor-publiczny\/#organization\"},\"potentialAction\":[{\"@type\":\"SearchAction\",\"target\":{\"@type\":\"EntryPoint\",\"urlTemplate\":\"https:\/\/bezgotowki.pl\/sektor-publiczny\/?s={search_term_string}\"},\"query-input\":\"required name=search_term_string\"}],\"inLanguage\":\"pl-PL\"},{\"@type\":\"Organization\",\"@id\":\"https:\/\/bezgotowki.pl\/sektor-publiczny\/#organization\",\"name\":\"eService\",\"url\":\"https:\/\/bezgotowki.pl\/sektor-publiczny\/\",\"logo\":{\"@type\":\"ImageObject\",\"inLanguage\":\"pl-PL\",\"@id\":\"https:\/\/bezgotowki.pl\/sektor-publiczny\/#\/schema\/logo\/image\/\",\"url\":\"https:\/\/bezgotowki.pl\/sektor-publiczny\/wp-content\/uploads\/sites\/22\/2018\/04\/eservice_logo.png\",\"contentUrl\":\"https:\/\/bezgotowki.pl\/sektor-publiczny\/wp-content\/uploads\/sites\/22\/2018\/04\/eservice_logo.png\",\"width\":187,\"height\":35,\"caption\":\"eService\"},\"image\":{\"@id\":\"https:\/\/bezgotowki.pl\/sektor-publiczny\/#\/schema\/logo\/image\/\"}}]}<\/script>\n<!-- \/ Yoast SEO plugin. -->","yoast_head_json":{"title":"Terminal p\u0142atniczy D220 dla Instytucji Publicznych","description":"Poznaj szczeg\u00f3\u0142y oferty eService na darmowe terminale p\u0142atnicze w ramach programu Polska Bezgot\u00f3wkowa dla instytucji publicznych. Odbierz darmowe terminale p\u0142atnicze!","robots":{"index":"index","follow":"follow","max-snippet":"max-snippet:-1","max-image-preview":"max-image-preview:large","max-video-preview":"max-video-preview:-1"},"canonical":"https:\/\/bezgotowki.pl\/sektor-publiczny\/oferta\/","og_locale":"pl_PL","og_type":"article","og_title":"Terminal p\u0142atniczy D220 dla Instytucji Publicznych","og_description":"Poznaj szczeg\u00f3\u0142y oferty eService na darmowe terminale p\u0142atnicze w ramach programu Polska Bezgot\u00f3wkowa dla instytucji publicznych. Odbierz darmowe terminale p\u0142atnicze!","og_url":"https:\/\/bezgotowki.pl\/sektor-publiczny\/oferta\/","og_site_name":"eService - Sektor Publiczny","article_modified_time":"2021-11-25T08:35:01+00:00","twitter_card":"summary_large_image","schema":{"@context":"https:\/\/schema.org","@graph":[{"@type":"WebPage","@id":"https:\/\/bezgotowki.pl\/sektor-publiczny\/oferta\/","url":"https:\/\/bezgotowki.pl\/sektor-publiczny\/oferta\/","name":"Terminal p\u0142atniczy D220 dla Instytucji Publicznych","isPartOf":{"@id":"https:\/\/bezgotowki.pl\/sektor-publiczny\/#website"},"datePublished":"2018-02-12T20:27:34+00:00","dateModified":"2021-11-25T08:35:01+00:00","description":"Poznaj szczeg\u00f3\u0142y oferty eService na darmowe terminale p\u0142atnicze w ramach programu Polska Bezgot\u00f3wkowa dla instytucji publicznych. Odbierz darmowe terminale p\u0142atnicze!","inLanguage":"pl-PL","potentialAction":[{"@type":"ReadAction","target":["https:\/\/bezgotowki.pl\/sektor-publiczny\/oferta\/"]}]},{"@type":"WebSite","@id":"https:\/\/bezgotowki.pl\/sektor-publiczny\/#website","url":"https:\/\/bezgotowki.pl\/sektor-publiczny\/","name":"eService - Sektor Publiczny","description":"eService eShop","publisher":{"@id":"https:\/\/bezgotowki.pl\/sektor-publiczny\/#organization"},"potentialAction":[{"@type":"SearchAction","target":{"@type":"EntryPoint","urlTemplate":"https:\/\/bezgotowki.pl\/sektor-publiczny\/?s={search_term_string}"},"query-input":"required name=search_term_string"}],"inLanguage":"pl-PL"},{"@type":"Organization","@id":"https:\/\/bezgotowki.pl\/sektor-publiczny\/#organization","name":"eService","url":"https:\/\/bezgotowki.pl\/sektor-publiczny\/","logo":{"@type":"ImageObject","inLanguage":"pl-PL","@id":"https:\/\/bezgotowki.pl\/sektor-publiczny\/#\/schema\/logo\/image\/","url":"https:\/\/bezgotowki.pl\/sektor-publiczny\/wp-content\/uploads\/sites\/22\/2018\/04\/eservice_logo.png","contentUrl":"https:\/\/bezgotowki.pl\/sektor-publiczny\/wp-content\/uploads\/sites\/22\/2018\/04\/eservice_logo.png","width":187,"height":35,"caption":"eService"},"image":{"@id":"https:\/\/bezgotowki.pl\/sektor-publiczny\/#\/schema\/logo\/image\/"}}]}},"_links":{"self":[{"href":"https:\/\/bezgotowki.pl\/sektor-publiczny\/wp-json\/wp\/v2\/pages\/41"}],"collection":[{"href":"https:\/\/bezgotowki.pl\/sektor-publiczny\/wp-json\/wp\/v2\/pages"}],"about":[{"href":"https:\/\/bezgotowki.pl\/sektor-publiczny\/wp-json\/wp\/v2\/types\/page"}],"author":[{"embeddable":true,"href":"https:\/\/bezgotowki.pl\/sektor-publiczny\/wp-json\/wp\/v2\/users\/1"}],"replies":[{"embeddable":true,"href":"https:\/\/bezgotowki.pl\/sektor-publiczny\/wp-json\/wp\/v2\/comments?post=41"}],"version-history":[{"count":39,"href":"https:\/\/bezgotowki.pl\/sektor-publiczny\/wp-json\/wp\/v2\/pages\/41\/revisions"}],"predecessor-version":[{"id":440,"href":"https:\/\/bezgotowki.pl\/sektor-publiczny\/wp-json\/wp\/v2\/pages\/41\/revisions\/440"}],"wp:attachment":[{"href":"https:\/\/bezgotowki.pl\/sektor-publiczny\/wp-json\/wp\/v2\/media?parent=41"}],"curies":[{"name":"wp","href":"https:\/\/api.w.org\/{rel}","templated":true}]}}