{"id":8,"date":"2018-02-12T11:20:35","date_gmt":"2018-02-12T11:20:35","guid":{"rendered":"https:\/\/bezgotowki.pl\/sektor-publiczny?page_id=8"},"modified":"2022-02-28T11:19:47","modified_gmt":"2022-02-28T10:19:47","slug":"strona-glowna","status":"publish","type":"page","link":"https:\/\/bezgotowki.pl\/sektor-publiczny\/","title":{"rendered":"Strona g\u0142\u00f3wna"},"content":{"rendered":"","protected":false},"excerpt":{"rendered":"","protected":false},"author":1,"featured_media":0,"parent":0,"menu_order":0,"comment_status":"closed","ping_status":"closed","template":"pages\/home.php","meta":{"_acf_changed":false,"footnotes":""},"acf":[],"yoast_head":"<!-- This site is optimized with the Yoast SEO plugin v22.7 - https:\/\/yoast.com\/wordpress\/plugins\/seo\/ -->\n<title>eService Darmowe Terminale dla Urz\u0119d\u00f3w<\/title>\n<meta name=\"description\" content=\"Program Polska Bezgot\u00f3wkowa pozwala uzyska\u0107 darmowe terminale dla instytucji publicznych: Urz\u0119d\u00f3w (wojew\u00f3dzkich, samorz\u0105dowych,\u2026) jednostek bud\u017cetowych (muze\u00f3w, park\u00f3w narodowych, \u2026)\" \/>\n<meta name=\"robots\" content=\"index, follow, max-snippet:-1, max-image-preview:large, max-video-preview:-1\" \/>\n<link rel=\"canonical\" href=\"https:\/\/bezgotowki.pl\/sektor-publiczny\/\" \/>\n<meta property=\"og:locale\" content=\"pl_PL\" \/>\n<meta property=\"og:type\" content=\"article\" \/>\n<meta property=\"og:title\" content=\"eService Darmowe Terminale dla Urz\u0119d\u00f3w\" \/>\n<meta property=\"og:description\" content=\"Program Polska Bezgot\u00f3wkowa pozwala uzyska\u0107 darmowe terminale dla instytucji publicznych: Urz\u0119d\u00f3w (wojew\u00f3dzkich, samorz\u0105dowych,\u2026) jednostek bud\u017cetowych (muze\u00f3w, park\u00f3w narodowych, \u2026)\" \/>\n<meta property=\"og:url\" content=\"https:\/\/bezgotowki.pl\/sektor-publiczny\/\" \/>\n<meta property=\"og:site_name\" content=\"eService - Sektor Publiczny\" \/>\n<meta property=\"article:modified_time\" content=\"2022-02-28T10:19:47+00:00\" \/>\n<meta name=\"twitter:card\" content=\"summary_large_image\" \/>\n<script type=\"application\/ld+json\" class=\"yoast-schema-graph\">{\"@context\":\"https:\/\/schema.org\",\"@graph\":[{\"@type\":\"WebPage\",\"@id\":\"https:\/\/bezgotowki.pl\/sektor-publiczny\/\",\"url\":\"https:\/\/bezgotowki.pl\/sektor-publiczny\/\",\"name\":\"eService Darmowe Terminale dla Urz\u0119d\u00f3w\",\"isPartOf\":{\"@id\":\"https:\/\/bezgotowki.pl\/sektor-publiczny\/#website\"},\"datePublished\":\"2018-02-12T11:20:35+00:00\",\"dateModified\":\"2022-02-28T10:19:47+00:00\",\"description\":\"Program Polska Bezgot\u00f3wkowa pozwala uzyska\u0107 darmowe terminale dla instytucji publicznych: Urz\u0119d\u00f3w (wojew\u00f3dzkich, samorz\u0105dowych,\u2026) jednostek bud\u017cetowych (muze\u00f3w, park\u00f3w narodowych, \u2026)\",\"inLanguage\":\"pl-PL\",\"potentialAction\":[{\"@type\":\"ReadAction\",\"target\":[\"https:\/\/bezgotowki.pl\/sektor-publiczny\/\"]}]},{\"@type\":\"WebSite\",\"@id\":\"https:\/\/bezgotowki.pl\/sektor-publiczny\/#website\",\"url\":\"https:\/\/bezgotowki.pl\/sektor-publiczny\/\",\"name\":\"eService - Sektor Publiczny\",\"description\":\"eService eShop\",\"publisher\":{\"@id\":\"https:\/\/bezgotowki.pl\/sektor-publiczny\/#organization\"},\"potentialAction\":[{\"@type\":\"SearchAction\",\"target\":{\"@type\":\"EntryPoint\",\"urlTemplate\":\"https:\/\/bezgotowki.pl\/sektor-publiczny\/?s={search_term_string}\"},\"query-input\":\"required name=search_term_string\"}],\"inLanguage\":\"pl-PL\"},{\"@type\":\"Organization\",\"@id\":\"https:\/\/bezgotowki.pl\/sektor-publiczny\/#organization\",\"name\":\"eService\",\"url\":\"https:\/\/bezgotowki.pl\/sektor-publiczny\/\",\"logo\":{\"@type\":\"ImageObject\",\"inLanguage\":\"pl-PL\",\"@id\":\"https:\/\/bezgotowki.pl\/sektor-publiczny\/#\/schema\/logo\/image\/\",\"url\":\"https:\/\/bezgotowki.pl\/sektor-publiczny\/wp-content\/uploads\/sites\/22\/2018\/04\/eservice_logo.png\",\"contentUrl\":\"https:\/\/bezgotowki.pl\/sektor-publiczny\/wp-content\/uploads\/sites\/22\/2018\/04\/eservice_logo.png\",\"width\":187,\"height\":35,\"caption\":\"eService\"},\"image\":{\"@id\":\"https:\/\/bezgotowki.pl\/sektor-publiczny\/#\/schema\/logo\/image\/\"}}]}<\/script>\n<!-- \/ Yoast SEO plugin. -->","yoast_head_json":{"title":"eService Darmowe Terminale dla Urz\u0119d\u00f3w","description":"Program Polska Bezgot\u00f3wkowa pozwala uzyska\u0107 darmowe terminale dla instytucji publicznych: Urz\u0119d\u00f3w (wojew\u00f3dzkich, samorz\u0105dowych,\u2026) jednostek bud\u017cetowych (muze\u00f3w, park\u00f3w narodowych, \u2026)","robots":{"index":"index","follow":"follow","max-snippet":"max-snippet:-1","max-image-preview":"max-image-preview:large","max-video-preview":"max-video-preview:-1"},"canonical":"https:\/\/bezgotowki.pl\/sektor-publiczny\/","og_locale":"pl_PL","og_type":"article","og_title":"eService Darmowe Terminale dla Urz\u0119d\u00f3w","og_description":"Program Polska Bezgot\u00f3wkowa pozwala uzyska\u0107 darmowe terminale dla instytucji publicznych: Urz\u0119d\u00f3w (wojew\u00f3dzkich, samorz\u0105dowych,\u2026) jednostek bud\u017cetowych (muze\u00f3w, park\u00f3w narodowych, \u2026)","og_url":"https:\/\/bezgotowki.pl\/sektor-publiczny\/","og_site_name":"eService - Sektor Publiczny","article_modified_time":"2022-02-28T10:19:47+00:00","twitter_card":"summary_large_image","schema":{"@context":"https:\/\/schema.org","@graph":[{"@type":"WebPage","@id":"https:\/\/bezgotowki.pl\/sektor-publiczny\/","url":"https:\/\/bezgotowki.pl\/sektor-publiczny\/","name":"eService Darmowe Terminale dla Urz\u0119d\u00f3w","isPartOf":{"@id":"https:\/\/bezgotowki.pl\/sektor-publiczny\/#website"},"datePublished":"2018-02-12T11:20:35+00:00","dateModified":"2022-02-28T10:19:47+00:00","description":"Program Polska Bezgot\u00f3wkowa pozwala uzyska\u0107 darmowe terminale dla instytucji publicznych: Urz\u0119d\u00f3w (wojew\u00f3dzkich, samorz\u0105dowych,\u2026) jednostek bud\u017cetowych (muze\u00f3w, park\u00f3w narodowych, \u2026)","inLanguage":"pl-PL","potentialAction":[{"@type":"ReadAction","target":["https:\/\/bezgotowki.pl\/sektor-publiczny\/"]}]},{"@type":"WebSite","@id":"https:\/\/bezgotowki.pl\/sektor-publiczny\/#website","url":"https:\/\/bezgotowki.pl\/sektor-publiczny\/","name":"eService - Sektor Publiczny","description":"eService eShop","publisher":{"@id":"https:\/\/bezgotowki.pl\/sektor-publiczny\/#organization"},"potentialAction":[{"@type":"SearchAction","target":{"@type":"EntryPoint","urlTemplate":"https:\/\/bezgotowki.pl\/sektor-publiczny\/?s={search_term_string}"},"query-input":"required name=search_term_string"}],"inLanguage":"pl-PL"},{"@type":"Organization","@id":"https:\/\/bezgotowki.pl\/sektor-publiczny\/#organization","name":"eService","url":"https:\/\/bezgotowki.pl\/sektor-publiczny\/","logo":{"@type":"ImageObject","inLanguage":"pl-PL","@id":"https:\/\/bezgotowki.pl\/sektor-publiczny\/#\/schema\/logo\/image\/","url":"https:\/\/bezgotowki.pl\/sektor-publiczny\/wp-content\/uploads\/sites\/22\/2018\/04\/eservice_logo.png","contentUrl":"https:\/\/bezgotowki.pl\/sektor-publiczny\/wp-content\/uploads\/sites\/22\/2018\/04\/eservice_logo.png","width":187,"height":35,"caption":"eService"},"image":{"@id":"https:\/\/bezgotowki.pl\/sektor-publiczny\/#\/schema\/logo\/image\/"}}]}},"_links":{"self":[{"href":"https:\/\/bezgotowki.pl\/sektor-publiczny\/wp-json\/wp\/v2\/pages\/8"}],"collection":[{"href":"https:\/\/bezgotowki.pl\/sektor-publiczny\/wp-json\/wp\/v2\/pages"}],"about":[{"href":"https:\/\/bezgotowki.pl\/sektor-publiczny\/wp-json\/wp\/v2\/types\/page"}],"author":[{"embeddable":true,"href":"https:\/\/bezgotowki.pl\/sektor-publiczny\/wp-json\/wp\/v2\/users\/1"}],"replies":[{"embeddable":true,"href":"https:\/\/bezgotowki.pl\/sektor-publiczny\/wp-json\/wp\/v2\/comments?post=8"}],"version-history":[{"count":27,"href":"https:\/\/bezgotowki.pl\/sektor-publiczny\/wp-json\/wp\/v2\/pages\/8\/revisions"}],"predecessor-version":[{"id":446,"href":"https:\/\/bezgotowki.pl\/sektor-publiczny\/wp-json\/wp\/v2\/pages\/8\/revisions\/446"}],"wp:attachment":[{"href":"https:\/\/bezgotowki.pl\/sektor-publiczny\/wp-json\/wp\/v2\/media?parent=8"}],"curies":[{"name":"wp","href":"https:\/\/api.w.org\/{rel}","templated":true}]}}